{"id":944,"date":"2017-05-25T15:34:29","date_gmt":"2017-05-25T13:34:29","guid":{"rendered":"https:\/\/procro.at\/?page_id=944\/"},"modified":"2021-01-13T10:07:06","modified_gmt":"2021-01-13T09:07:06","slug":"nastava-jezika-tecajevi","status":"publish","type":"page","link":"https:\/\/procro.at\/hr\/nastava-jezika-tecajevi\/","title":{"rendered":"Nastava jezika i te\u010dajevi"},"content":{"rendered":"<div class=\"fusion-fullwidth fullwidth-box fusion-fullwidth-1  fusion-parallax-fixed nonhundred-percent-fullwidth procro-empty-image-div\" style=\"border-color:#eae9e9;border-bottom-width: 0px;border-top-width: 0px;border-bottom-style: solid;border-top-style: solid;padding-bottom:120px;padding-top:130px;padding-left:0px;padding-right:0px;background-attachment:fixed;background-color:#ffffff;background-position:left top;background-repeat:no-repeat;-webkit-background-size:cover;-moz-background-size:cover;-o-background-size:cover;background-size:cover;-ms-filter: &quot;progid:DXImageTransform.Microsoft.AlphaImageLoader(src=&#039;https:\/\/procro.at\/wp-content\/uploads\/2015\/06\/procro-31b-1024x682.jpg&#039;, sizingMethod=&#039;scale&#039;)&quot;;background-image: url(https:\/\/procro.at\/wp-content\/uploads\/2015\/06\/procro-31b-1024x682.jpg);\"><style type=\"text\/css\" scoped=\"scoped\">.fusion-fullwidth-1 {\n                            padding-left: 0px !important;\n                            padding-right: 0px !important;\n                        }<\/style><div class=\"fusion-row\"><\/div><\/div><div class=\"fusion-fullwidth fullwidth-box fusion-fullwidth-2  fusion-parallax-none nonhundred-percent-fullwidth\" style=\"border-color:#eae9e9;border-bottom-width: 0px;border-top-width: 0px;border-bottom-style: solid;border-top-style: solid;padding-bottom:20px;padding-top:20px;padding-left:;padding-right:;background-color:#ffffff;\"><style type=\"text\/css\" scoped=\"scoped\">.fusion-fullwidth-2 {\n                            padding-left: px !important;\n                            padding-right: px !important;\n                        }<\/style><div class=\"fusion-row\"><div class=\"fusion-one-half fusion-layout-column fusion-column-last fusion-spacing-yes potamni\" style=\"margin-top:0px;margin-bottom:20px;\"><div class=\"fusion-column-wrapper\"><h1>Nastava jezika i te\u010dajevi<\/h1>\n<p>\u017delite nau\u010diti njema\u010dki ili slovenski jezik kako biste \u0161to bolje komunicirali sa poslovnim partnerima? U tom slu\u010daju vrlo jednostavno rezervirajte svoj individualni te\u010daj, koji je u potpunosti prilago\u0111en Vama.<\/p>\n<div class=\"fusion-clearfix\"><\/div><\/div><\/div><div class=\"fusion-clearfix\"><\/div><\/div><\/div><div class=\"fusion-fullwidth fullwidth-box fusion-fullwidth-3  fusion-parallax-none nonhundred-percent-fullwidth\" style=\"border-color:#eae9e9;border-bottom-width: 0px;border-top-width: 0px;border-bottom-style: solid;border-top-style: solid;padding-bottom:80px;padding-top:50px;padding-left:0px;padding-right:0px;background-color:#ffffff;\"><style type=\"text\/css\" scoped=\"scoped\">.fusion-fullwidth-3 {\n                            padding-left: 0px !important;\n                            padding-right: 0px !important;\n                        }<\/style><div class=\"fusion-row\"><div class=\"fusion-one-half fusion-layout-column fusion-spacing-yes\" style=\"margin-top:0px;margin-bottom:20px;\"><div class=\"fusion-column-wrapper\"><p><span id=\"vorteile-im-uberblick\">Prednosti:<\/span><\/p>\n<ul>\n<li>Intenzivni individualni te\u010dajevi ili te\u010dajevi u malim grupama<\/li>\n<li>Individualno i vama prilago\u0111eno kreiranje te\u010daja<\/li>\n<li>Svoj zadani cilj posti\u0107i \u0107ete u najkra\u0107em mogu\u0107em vremenu.<\/li>\n<li>Mogu\u0107nost odabira pristupa u u\u010denju<\/li>\n<li>Individualno odr\u017eavanje nastave<\/li>\n<li>Brzi uspjeh u u\u010denju kroz u\u010dinkovitu individualnu podr\u0161ku<\/li>\n<li>Nau\u010dite jezik u toplini svoga doma &#8211; online te\u010dajevi<\/li>\n<\/ul>\n<div class=\"fusion-clearfix\"><\/div><\/div><\/div><div class=\"fusion-one-half fusion-layout-column fusion-column-last fusion-spacing-yes\" style=\"margin-top:0px;margin-bottom:20px;\"><div class=\"fusion-column-wrapper\"><div class=\"fusion-clearfix\"><\/div><\/div><\/div><div class=\"fusion-clearfix\"><\/div><\/div><\/div>\n","protected":false},"excerpt":{"rendered":"","protected":false},"author":3,"featured_media":0,"parent":0,"menu_order":0,"comment_status":"closed","ping_status":"open","template":"100-width.php","meta":{"footnotes":""},"class_list":["post-944","page","type-page","status-publish","hentry"],"yoast_head":"<!-- This site is optimized with the Yoast SEO plugin v26.4 - https:\/\/yoast.com\/wordpress\/plugins\/seo\/ -->\n<title>Nastava jezika i te\u010dajevi - Procro<\/title>\n<meta name=\"robots\" content=\"index, follow, max-snippet:-1, max-image-preview:large, max-video-preview:-1\" \/>\n<link rel=\"canonical\" href=\"https:\/\/procro.at\/hr\/nastava-jezika-tecajevi\/\" \/>\n<meta property=\"og:locale\" content=\"hr_HR\" \/>\n<meta property=\"og:type\" content=\"article\" \/>\n<meta property=\"og:title\" content=\"Nastava jezika i te\u010dajevi - Procro\" \/>\n<meta property=\"og:url\" content=\"https:\/\/procro.at\/hr\/nastava-jezika-tecajevi\/\" \/>\n<meta property=\"og:site_name\" content=\"Procro\" \/>\n<meta property=\"article:modified_time\" content=\"2021-01-13T09:07:06+00:00\" \/>\n<meta name=\"twitter:card\" content=\"summary_large_image\" \/>\n<meta name=\"twitter:label1\" content=\"Est. reading time\" \/>\n\t<meta name=\"twitter:data1\" content=\"3 minutes\" \/>\n<script type=\"application\/ld+json\" class=\"yoast-schema-graph\">{\"@context\":\"https:\/\/schema.org\",\"@graph\":[{\"@type\":\"WebPage\",\"@id\":\"https:\/\/procro.at\/hr\/nastava-jezika-tecajevi\/\",\"url\":\"https:\/\/procro.at\/hr\/nastava-jezika-tecajevi\/\",\"name\":\"Nastava jezika i te\u010dajevi - Procro\",\"isPartOf\":{\"@id\":\"https:\/\/procro.at\/#website\"},\"datePublished\":\"2017-05-25T13:34:29+00:00\",\"dateModified\":\"2021-01-13T09:07:06+00:00\",\"breadcrumb\":{\"@id\":\"https:\/\/procro.at\/hr\/nastava-jezika-tecajevi\/#breadcrumb\"},\"inLanguage\":\"hr-HR\",\"potentialAction\":[{\"@type\":\"ReadAction\",\"target\":[\"https:\/\/procro.at\/hr\/nastava-jezika-tecajevi\/\"]}]},{\"@type\":\"BreadcrumbList\",\"@id\":\"https:\/\/procro.at\/hr\/nastava-jezika-tecajevi\/#breadcrumb\",\"itemListElement\":[{\"@type\":\"ListItem\",\"position\":1,\"name\":\"Home\",\"item\":\"https:\/\/procro.at\/hr\/pocetna\/\"},{\"@type\":\"ListItem\",\"position\":2,\"name\":\"Nastava jezika i te\u010dajevi\"}]},{\"@type\":\"WebSite\",\"@id\":\"https:\/\/procro.at\/#website\",\"url\":\"https:\/\/procro.at\/\",\"name\":\"Procro\",\"description\":\"\",\"potentialAction\":[{\"@type\":\"SearchAction\",\"target\":{\"@type\":\"EntryPoint\",\"urlTemplate\":\"https:\/\/procro.at\/?s={search_term_string}\"},\"query-input\":{\"@type\":\"PropertyValueSpecification\",\"valueRequired\":true,\"valueName\":\"search_term_string\"}}],\"inLanguage\":\"hr-HR\"}]}<\/script>\n<!-- \/ Yoast SEO plugin. -->","yoast_head_json":{"title":"Nastava jezika i te\u010dajevi - Procro","robots":{"index":"index","follow":"follow","max-snippet":"max-snippet:-1","max-image-preview":"max-image-preview:large","max-video-preview":"max-video-preview:-1"},"canonical":"https:\/\/procro.at\/hr\/nastava-jezika-tecajevi\/","og_locale":"hr_HR","og_type":"article","og_title":"Nastava jezika i te\u010dajevi - Procro","og_url":"https:\/\/procro.at\/hr\/nastava-jezika-tecajevi\/","og_site_name":"Procro","article_modified_time":"2021-01-13T09:07:06+00:00","twitter_card":"summary_large_image","twitter_misc":{"Est. reading time":"3 minutes"},"schema":{"@context":"https:\/\/schema.org","@graph":[{"@type":"WebPage","@id":"https:\/\/procro.at\/hr\/nastava-jezika-tecajevi\/","url":"https:\/\/procro.at\/hr\/nastava-jezika-tecajevi\/","name":"Nastava jezika i te\u010dajevi - Procro","isPartOf":{"@id":"https:\/\/procro.at\/#website"},"datePublished":"2017-05-25T13:34:29+00:00","dateModified":"2021-01-13T09:07:06+00:00","breadcrumb":{"@id":"https:\/\/procro.at\/hr\/nastava-jezika-tecajevi\/#breadcrumb"},"inLanguage":"hr-HR","potentialAction":[{"@type":"ReadAction","target":["https:\/\/procro.at\/hr\/nastava-jezika-tecajevi\/"]}]},{"@type":"BreadcrumbList","@id":"https:\/\/procro.at\/hr\/nastava-jezika-tecajevi\/#breadcrumb","itemListElement":[{"@type":"ListItem","position":1,"name":"Home","item":"https:\/\/procro.at\/hr\/pocetna\/"},{"@type":"ListItem","position":2,"name":"Nastava jezika i te\u010dajevi"}]},{"@type":"WebSite","@id":"https:\/\/procro.at\/#website","url":"https:\/\/procro.at\/","name":"Procro","description":"","potentialAction":[{"@type":"SearchAction","target":{"@type":"EntryPoint","urlTemplate":"https:\/\/procro.at\/?s={search_term_string}"},"query-input":{"@type":"PropertyValueSpecification","valueRequired":true,"valueName":"search_term_string"}}],"inLanguage":"hr-HR"}]}},"_links":{"self":[{"href":"https:\/\/procro.at\/hr\/wp-json\/wp\/v2\/pages\/944","targetHints":{"allow":["GET"]}}],"collection":[{"href":"https:\/\/procro.at\/hr\/wp-json\/wp\/v2\/pages"}],"about":[{"href":"https:\/\/procro.at\/hr\/wp-json\/wp\/v2\/types\/page"}],"author":[{"embeddable":true,"href":"https:\/\/procro.at\/hr\/wp-json\/wp\/v2\/users\/3"}],"replies":[{"embeddable":true,"href":"https:\/\/procro.at\/hr\/wp-json\/wp\/v2\/comments?post=944"}],"version-history":[{"count":3,"href":"https:\/\/procro.at\/hr\/wp-json\/wp\/v2\/pages\/944\/revisions"}],"predecessor-version":[{"id":984,"href":"https:\/\/procro.at\/hr\/wp-json\/wp\/v2\/pages\/944\/revisions\/984"}],"wp:attachment":[{"href":"https:\/\/procro.at\/hr\/wp-json\/wp\/v2\/media?parent=944"}],"curies":[{"name":"wp","href":"https:\/\/api.w.org\/{rel}","templated":true}]}}