{"id":942,"date":"2017-05-25T15:32:41","date_gmt":"2017-05-25T13:32:41","guid":{"rendered":"https:\/\/procro.at\/?page_id=942\/"},"modified":"2017-05-25T22:35:13","modified_gmt":"2017-05-25T20:35:13","slug":"prevodenje-i-tumacenje","status":"publish","type":"page","link":"https:\/\/procro.at\/hr\/prevodenje-i-tumacenje\/","title":{"rendered":"Prevo\u0111enje i tuma\u010denje"},"content":{"rendered":"<div class=\"fusion-fullwidth fullwidth-box fusion-fullwidth-1  fusion-parallax-none nonhundred-percent-fullwidth procro-empty-image-div\" style=\"border-color:#eae9e9;border-bottom-width: 0px;border-top-width: 0px;border-bottom-style: solid;border-top-style: solid;padding-bottom:0px;padding-top:0px;padding-left:0px;padding-right:0px;background-color:#ffffff;background-position:left center;background-repeat:no-repeat;-webkit-background-size:cover;-moz-background-size:cover;-o-background-size:cover;background-size:cover;-ms-filter: &quot;progid:DXImageTransform.Microsoft.AlphaImageLoader(src=&#039;https:\/\/procro.at\/wp-content\/uploads\/2015\/07\/link-2-1.jpg&#039;, sizingMethod=&#039;scale&#039;)&quot;;background-image: url(https:\/\/procro.at\/wp-content\/uploads\/2015\/07\/link-2-1.jpg);\"><style type=\"text\/css\" scoped=\"scoped\">.fusion-fullwidth-1 {\n                            padding-left: 0px !important;\n                            padding-right: 0px !important;\n                        }<\/style><div class=\"fusion-row\"><\/div><\/div><div class=\"fusion-fullwidth fullwidth-box fusion-fullwidth-2  fusion-parallax-none nonhundred-percent-fullwidth\" style=\"border-color:#eae9e9;border-bottom-width: 0px;border-top-width: 0px;border-bottom-style: solid;border-top-style: solid;padding-bottom:20px;padding-top:60px;padding-left:;padding-right:;background-color:#ffffff;\"><style type=\"text\/css\" scoped=\"scoped\">.fusion-fullwidth-2 {\n                            padding-left: px !important;\n                            padding-right: px !important;\n                        }<\/style><div class=\"fusion-row\"><div class=\"fusion-one-full fusion-layout-column fusion-column-last fusion-spacing-yes\" style=\"margin-top:0px;margin-bottom:20px;\"><div class=\"fusion-column-wrapper\"><h1 id=\"angebot\">Prevo\u0111enje i tuma\u010denje<\/h1>\n<p>Ponuda<\/p>\n<ul>\n<li>Njema\u010dki<\/li>\n<li>Bosanski, hrvatski, srpski<\/li>\n<li>Slovenski<\/li>\n<\/ul>\n<div class=\"fusion-clearfix\"><\/div><\/div><\/div><div class=\"fusion-clearfix\"><\/div><\/div><\/div><div class=\"fusion-fullwidth fullwidth-box fusion-fullwidth-3  fusion-parallax-none nonhundred-percent-fullwidth\" style=\"border-color:#eae9e9;border-bottom-width: 0px;border-top-width: 0px;border-bottom-style: solid;border-top-style: solid;padding-bottom:120px;padding-top:30px;padding-left:30px;padding-right:30px;background-color:#ffffff;\"><style type=\"text\/css\" scoped=\"scoped\">.fusion-fullwidth-3 {\n                            padding-left: 30px !important;\n                            padding-right: 30px !important;\n                        }<\/style><div class=\"fusion-row\"><div class=\"fusion-two-third fusion-layout-column fusion-spacing-yes\" style=\"margin-top:0px;margin-bottom:20px;\"><div class=\"fusion-column-wrapper\"><p><em id=\"vorteile-im-uberblick\"><strong>Prednosti:<\/strong><\/em><\/p>\n<ul>\n<li><em><strong>Brza komunikacija<\/strong> <\/em><strong>&#8211;<\/strong> U najkra\u0107em mogu\u0107em roku dobivate individualnu ponudu, bez obaveze.<\/li>\n<li><em><strong>Izravan kontakt<\/strong> <strong>&#8211;<\/strong><\/em>\u00a0Tijekom cjelokupnog prevoditeljskog projekta komunicirate sa mnom izravno<\/li>\n<li><em><strong>Ne postoje dodatni tro\u0161kovi<\/strong><\/em> <strong>&#8211;<\/strong> Nema nepotrebnih provizija ili skrivenih tro\u0161kova, koje obra\u010dunavaju prevoditeljski uredi.<\/li>\n<li><em><strong>Upravljanje komunikacijom<\/strong><\/em> &#8211; Vrlo rado \u0107u umjesto Vas kontaktirati Va\u0161e poslovne partnere ili klijente i zastupati Vas u Va\u0161em poslu. Objasnite mi Va\u0161u situaciju i ja \u0107u rije\u0161iti sve \u0161to je potrebno.<\/li>\n<li><em><strong>Predanost<\/strong> <\/em>&#8211; Jam\u010dim brzo rje\u0161avanje, to\u010dnost, garanciju cijene, fleksibilnost i kvalitetu.<\/li>\n<\/ul>\n<p><strong>Radujem se Va\u0161em upitu!<\/strong><\/p>\n<div class=\"fusion-clearfix\"><\/div><\/div><\/div><div class=\"fusion-one-third fusion-layout-column fusion-column-last fusion-spacing-yes\" style=\"margin-top:0px;margin-bottom:20px;\"><div class=\"fusion-column-wrapper\"><span class=\"fusion-imageframe imageframe-none imageframe-1 hover-type-zoomin fusion-animated\" data-animationType=\"fadeInDown\" data-animationDuration=\"1\" data-animationOffset=\"100%\"> <img decoding=\"async\" alt=\"\" src=\"https:\/\/procro.at\/wp-content\/uploads\/2015\/06\/link-3-foto-2.jpg\" class=\"img-responsive\"\/><\/span><div class=\"fusion-clearfix\"><\/div><\/div><\/div><div class=\"fusion-clearfix\"><\/div><\/div><\/div><div class=\"fusion-fullwidth fullwidth-box fusion-fullwidth-4  fusion-parallax-none nonhundred-percent-fullwidth\" style=\"border-color:#eae9e9;border-bottom-width: 0px;border-top-width: 0px;border-bottom-style: solid;border-top-style: solid;padding-bottom:60px;padding-top:60px;padding-left:0px;padding-right:0px;background-color:#ac1e24;background-position:center center;background-repeat:no-repeat;-webkit-background-size:cover;-moz-background-size:cover;-o-background-size:cover;background-size:cover;-ms-filter: &quot;progid:DXImageTransform.Microsoft.AlphaImageLoader(src=&#039;https:\/\/procro.at\/wp-content\/uploads\/2015\/02\/315.jpg&#039;, sizingMethod=&#039;scale&#039;)&quot;;background-image: url(https:\/\/procro.at\/wp-content\/uploads\/2015\/02\/315.jpg);\"><style type=\"text\/css\" scoped=\"scoped\">.fusion-fullwidth-4 {\n                            padding-left: 0px !important;\n                            padding-right: 0px !important;\n                        }<\/style><div class=\"fusion-row\"><div class=\"fusion-one-full fusion-layout-column fusion-column-last fusion-spacing-yes\" style=\"margin-top:0px;margin-bottom:0px;\"><div class=\"fusion-column-wrapper\"><div class=\"fusion-button-wrapper fusion-aligncenter\"><style type=\"text\/css\" scoped=\"scoped\">.fusion-button.button-1 .fusion-button-text, .fusion-button.button-1 i {color:#780404;}.fusion-button.button-1 {border-width:1px;border-color:#780404;}.fusion-button.button-1 .fusion-button-icon-divider{border-color:#780404;}.fusion-button.button-1:hover .fusion-button-text, .fusion-button.button-1:hover i,.fusion-button.button-1:focus .fusion-button-text, .fusion-button.button-1:focus i,.fusion-button.button-1:active .fusion-button-text, .fusion-button.button-1:active{color:#780404;}.fusion-button.button-1:hover, .fusion-button.button-1:focus, .fusion-button.button-1:active{border-width:1px;border-color:#780404;}.fusion-button.button-1:hover .fusion-button-icon-divider, .fusion-button.button-1:hover .fusion-button-icon-divider, .fusion-button.button-1:active .fusion-button-icon-divider{border-color:#780404;}.fusion-button.button-1{background: #e80707;\n\t\t\t\t\tbackground-image: -webkit-gradient( linear, left bottom, left top, from( #d60707 ), to( #e80707 ) );\n\t\t\t\t\tbackground-image: -webkit-linear-gradient( bottom, #d60707, #e80707 );\n\t\t\t\t\tbackground-image:\t-moz-linear-gradient( bottom, #d60707, #e80707 );\n\t\t\t\t\tbackground-image:\t  -o-linear-gradient( bottom, #d60707, #e80707 );\n\t\t\t\t\tbackground-image: linear-gradient( to top, #d60707, #e80707 );}.fusion-button.button-1:hover,.button-1:focus,.fusion-button.button-1:active{background: #d60707;\n\t\t\t\t\tbackground-image: -webkit-gradient( linear, left bottom, left top, from( #e80707 ), to( #d60707 ) );\n\t\t\t\t\tbackground-image: -webkit-linear-gradient( bottom, #e80707, #d60707 );\n\t\t\t\t\tbackground-image:\t-moz-linear-gradient( bottom, #e80707, #d60707 );\n\t\t\t\t\tbackground-image:\t  -o-linear-gradient( bottom, #e80707, #d60707 );\n\t\t\t\t\tbackground-image: linear-gradient( to top, #e80707, #d60707 );}.fusion-button.button-1{width:auto;}<\/style><a class=\"fusion-button button-flat button-square button-xlarge button-default button-1 procro-button\" target=\"_self\" href=\"..\/kontakt\/\"><span class=\"fusion-button-text\">Kontakt<\/span><\/a><\/div><div class=\"fusion-clearfix\"><\/div><\/div><\/div><div class=\"fusion-clearfix\"><\/div><\/div><\/div><div class=\"fusion-fullwidth fullwidth-box fusion-fullwidth-5  fusion-parallax-none nonhundred-percent-fullwidth\" style=\"border-color:#eae9e9;border-bottom-width: 0px;border-top-width: 0px;border-bottom-style: solid;border-top-style: solid;padding-bottom:50px;padding-top:60px;padding-left:30px;padding-right:30px;background-color:#ffffff;\"><style type=\"text\/css\" scoped=\"scoped\">.fusion-fullwidth-5 {\n                            padding-left: 30px !important;\n                            padding-right: 30px !important;\n                        }<\/style><div class=\"fusion-row\"><div class=\"fusion-two-third fusion-layout-column fusion-column-last fusion-spacing-yes\" style=\"margin-top:0px;margin-bottom:20px;\"><div class=\"fusion-column-wrapper\"><p><span id=\"preise\"><strong>Cijena<\/strong><\/span><\/p>\n<p>Cijene se izra\u010dunavaju na individualnoj bazi. Kontaktirajte me i ja \u0107u Vam u najkra\u0107em mogu\u0107em roku napraviti odgovaraju\u0107u ponudu.<\/p>\n<p>Prijevodi se obra\u010dunavaju individualno, ovisno o duljini i slo\u017eenosti izvornog teksta.<\/p>\n<p>Za besplatnu ponudu po\u0161aljite mi zahtjev na adresu e-po\u0161te <a href=\"&#109;a&#x69;l&#x74;o&#x3a;d&#x61;n&#x69;e&#x6c;&#97;&#x40;&#112;&#x72;&#111;&#x63;&#114;&#x6f;&#46;&#x61;&#116;\">&#100;&#x61;&#x6e;i&#101;&#x6c;a&#64;&#x70;&#x72;o&#99;&#x72;o&#46;&#x61;&#x74;<\/a> te \u0107ete u najbr\u017eem mogu\u0107em roku dobiti neobvezuju\u0107u ponudu prilago\u0111enu samo Vama.<\/p>\n<div class=\"fusion-clearfix\"><\/div><\/div><\/div><div class=\"fusion-clearfix\"><\/div><\/div><\/div>\n","protected":false},"excerpt":{"rendered":"","protected":false},"author":3,"featured_media":0,"parent":0,"menu_order":0,"comment_status":"closed","ping_status":"open","template":"100-width.php","meta":{"footnotes":""},"class_list":["post-942","page","type-page","status-publish","hentry"],"yoast_head":"<!-- This site is optimized with the Yoast SEO plugin v26.4 - https:\/\/yoast.com\/wordpress\/plugins\/seo\/ -->\n<title>Prevo\u0111enje i tuma\u010denje - Procro<\/title>\n<meta name=\"robots\" content=\"index, follow, max-snippet:-1, max-image-preview:large, max-video-preview:-1\" \/>\n<link rel=\"canonical\" href=\"https:\/\/procro.at\/hr\/prevodenje-i-tumacenje\/\" \/>\n<meta property=\"og:locale\" content=\"hr_HR\" \/>\n<meta property=\"og:type\" content=\"article\" \/>\n<meta property=\"og:title\" content=\"Prevo\u0111enje i tuma\u010denje - Procro\" \/>\n<meta property=\"og:url\" content=\"https:\/\/procro.at\/hr\/prevodenje-i-tumacenje\/\" \/>\n<meta property=\"og:site_name\" content=\"Procro\" \/>\n<meta property=\"article:modified_time\" content=\"2017-05-25T20:35:13+00:00\" \/>\n<meta property=\"og:image\" content=\"https:\/\/procro.at\/wp-content\/uploads\/2015\/06\/link-3-foto-2.jpg\" \/>\n<meta name=\"twitter:card\" content=\"summary_large_image\" \/>\n<meta name=\"twitter:label1\" content=\"Est. reading time\" \/>\n\t<meta name=\"twitter:data1\" content=\"5 minutes\" \/>\n<script type=\"application\/ld+json\" class=\"yoast-schema-graph\">{\"@context\":\"https:\/\/schema.org\",\"@graph\":[{\"@type\":\"WebPage\",\"@id\":\"https:\/\/procro.at\/hr\/prevodenje-i-tumacenje\/\",\"url\":\"https:\/\/procro.at\/hr\/prevodenje-i-tumacenje\/\",\"name\":\"Prevo\u0111enje i tuma\u010denje - Procro\",\"isPartOf\":{\"@id\":\"https:\/\/procro.at\/#website\"},\"primaryImageOfPage\":{\"@id\":\"https:\/\/procro.at\/hr\/prevodenje-i-tumacenje\/#primaryimage\"},\"image\":{\"@id\":\"https:\/\/procro.at\/hr\/prevodenje-i-tumacenje\/#primaryimage\"},\"thumbnailUrl\":\"https:\/\/procro.at\/wp-content\/uploads\/2015\/06\/link-3-foto-2.jpg\",\"datePublished\":\"2017-05-25T13:32:41+00:00\",\"dateModified\":\"2017-05-25T20:35:13+00:00\",\"breadcrumb\":{\"@id\":\"https:\/\/procro.at\/hr\/prevodenje-i-tumacenje\/#breadcrumb\"},\"inLanguage\":\"hr-HR\",\"potentialAction\":[{\"@type\":\"ReadAction\",\"target\":[\"https:\/\/procro.at\/hr\/prevodenje-i-tumacenje\/\"]}]},{\"@type\":\"ImageObject\",\"inLanguage\":\"hr-HR\",\"@id\":\"https:\/\/procro.at\/hr\/prevodenje-i-tumacenje\/#primaryimage\",\"url\":\"https:\/\/procro.at\/wp-content\/uploads\/2015\/06\/link-3-foto-2.jpg\",\"contentUrl\":\"https:\/\/procro.at\/wp-content\/uploads\/2015\/06\/link-3-foto-2.jpg\"},{\"@type\":\"BreadcrumbList\",\"@id\":\"https:\/\/procro.at\/hr\/prevodenje-i-tumacenje\/#breadcrumb\",\"itemListElement\":[{\"@type\":\"ListItem\",\"position\":1,\"name\":\"Home\",\"item\":\"https:\/\/procro.at\/hr\/pocetna\/\"},{\"@type\":\"ListItem\",\"position\":2,\"name\":\"Prevo\u0111enje i tuma\u010denje\"}]},{\"@type\":\"WebSite\",\"@id\":\"https:\/\/procro.at\/#website\",\"url\":\"https:\/\/procro.at\/\",\"name\":\"Procro\",\"description\":\"\",\"potentialAction\":[{\"@type\":\"SearchAction\",\"target\":{\"@type\":\"EntryPoint\",\"urlTemplate\":\"https:\/\/procro.at\/?s={search_term_string}\"},\"query-input\":{\"@type\":\"PropertyValueSpecification\",\"valueRequired\":true,\"valueName\":\"search_term_string\"}}],\"inLanguage\":\"hr-HR\"}]}<\/script>\n<!-- \/ Yoast SEO plugin. -->","yoast_head_json":{"title":"Prevo\u0111enje i tuma\u010denje - Procro","robots":{"index":"index","follow":"follow","max-snippet":"max-snippet:-1","max-image-preview":"max-image-preview:large","max-video-preview":"max-video-preview:-1"},"canonical":"https:\/\/procro.at\/hr\/prevodenje-i-tumacenje\/","og_locale":"hr_HR","og_type":"article","og_title":"Prevo\u0111enje i tuma\u010denje - Procro","og_url":"https:\/\/procro.at\/hr\/prevodenje-i-tumacenje\/","og_site_name":"Procro","article_modified_time":"2017-05-25T20:35:13+00:00","og_image":[{"url":"https:\/\/procro.at\/wp-content\/uploads\/2015\/06\/link-3-foto-2.jpg","type":"","width":"","height":""}],"twitter_card":"summary_large_image","twitter_misc":{"Est. reading time":"5 minutes"},"schema":{"@context":"https:\/\/schema.org","@graph":[{"@type":"WebPage","@id":"https:\/\/procro.at\/hr\/prevodenje-i-tumacenje\/","url":"https:\/\/procro.at\/hr\/prevodenje-i-tumacenje\/","name":"Prevo\u0111enje i tuma\u010denje - Procro","isPartOf":{"@id":"https:\/\/procro.at\/#website"},"primaryImageOfPage":{"@id":"https:\/\/procro.at\/hr\/prevodenje-i-tumacenje\/#primaryimage"},"image":{"@id":"https:\/\/procro.at\/hr\/prevodenje-i-tumacenje\/#primaryimage"},"thumbnailUrl":"https:\/\/procro.at\/wp-content\/uploads\/2015\/06\/link-3-foto-2.jpg","datePublished":"2017-05-25T13:32:41+00:00","dateModified":"2017-05-25T20:35:13+00:00","breadcrumb":{"@id":"https:\/\/procro.at\/hr\/prevodenje-i-tumacenje\/#breadcrumb"},"inLanguage":"hr-HR","potentialAction":[{"@type":"ReadAction","target":["https:\/\/procro.at\/hr\/prevodenje-i-tumacenje\/"]}]},{"@type":"ImageObject","inLanguage":"hr-HR","@id":"https:\/\/procro.at\/hr\/prevodenje-i-tumacenje\/#primaryimage","url":"https:\/\/procro.at\/wp-content\/uploads\/2015\/06\/link-3-foto-2.jpg","contentUrl":"https:\/\/procro.at\/wp-content\/uploads\/2015\/06\/link-3-foto-2.jpg"},{"@type":"BreadcrumbList","@id":"https:\/\/procro.at\/hr\/prevodenje-i-tumacenje\/#breadcrumb","itemListElement":[{"@type":"ListItem","position":1,"name":"Home","item":"https:\/\/procro.at\/hr\/pocetna\/"},{"@type":"ListItem","position":2,"name":"Prevo\u0111enje i tuma\u010denje"}]},{"@type":"WebSite","@id":"https:\/\/procro.at\/#website","url":"https:\/\/procro.at\/","name":"Procro","description":"","potentialAction":[{"@type":"SearchAction","target":{"@type":"EntryPoint","urlTemplate":"https:\/\/procro.at\/?s={search_term_string}"},"query-input":{"@type":"PropertyValueSpecification","valueRequired":true,"valueName":"search_term_string"}}],"inLanguage":"hr-HR"}]}},"_links":{"self":[{"href":"https:\/\/procro.at\/hr\/wp-json\/wp\/v2\/pages\/942","targetHints":{"allow":["GET"]}}],"collection":[{"href":"https:\/\/procro.at\/hr\/wp-json\/wp\/v2\/pages"}],"about":[{"href":"https:\/\/procro.at\/hr\/wp-json\/wp\/v2\/types\/page"}],"author":[{"embeddable":true,"href":"https:\/\/procro.at\/hr\/wp-json\/wp\/v2\/users\/3"}],"replies":[{"embeddable":true,"href":"https:\/\/procro.at\/hr\/wp-json\/wp\/v2\/comments?post=942"}],"version-history":[{"count":3,"href":"https:\/\/procro.at\/hr\/wp-json\/wp\/v2\/pages\/942\/revisions"}],"predecessor-version":[{"id":976,"href":"https:\/\/procro.at\/hr\/wp-json\/wp\/v2\/pages\/942\/revisions\/976"}],"wp:attachment":[{"href":"https:\/\/procro.at\/hr\/wp-json\/wp\/v2\/media?parent=942"}],"curies":[{"name":"wp","href":"https:\/\/api.w.org\/{rel}","templated":true}]}}