{"id":928,"date":"2017-05-25T14:27:24","date_gmt":"2017-05-25T12:27:24","guid":{"rendered":"https:\/\/procro.at\/?page_id=928\/"},"modified":"2021-01-13T10:13:24","modified_gmt":"2021-01-13T09:13:24","slug":"startseite","status":"publish","type":"page","link":"https:\/\/procro.at\/en\/","title":{"rendered":"Home"},"content":{"rendered":"<div class=\"fusion-fullwidth fullwidth-box fusion-fullwidth-1  fusion-parallax-fixed nonhundred-percent-fullwidth\" style=\"border-color:#eae9e9;border-bottom-width: 0px;border-top-width: 0px;border-bottom-style: solid;border-top-style: solid;padding-bottom:10px;padding-top:50px;padding-left:;padding-right:;background-attachment:fixed;background-color:#ac1e24;background-position:left top;background-repeat:no-repeat;-webkit-background-size:cover;-moz-background-size:cover;-o-background-size:cover;background-size:cover;-ms-filter: &quot;progid:DXImageTransform.Microsoft.AlphaImageLoader(src=&#039;https:\/\/procro.at\/wp-content\/uploads\/2015\/02\/315-1024x368.jpg&#039;, sizingMethod=&#039;scale&#039;)&quot;;background-image: url(https:\/\/procro.at\/wp-content\/uploads\/2015\/02\/315-1024x368.jpg);\"><style type=\"text\/css\" scoped=\"scoped\">.fusion-fullwidth-1 {\n                            padding-left: px !important;\n                            padding-right: px !important;\n                        }<\/style><div class=\"fusion-row\"><div class=\"fusion-one-full fusion-layout-column fusion-column-last fusion-spacing-yes\" style=\"margin-top:0px;margin-bottom:20px;\"><div class=\"fusion-column-wrapper\"><p style=\"text-align: center; font-family: Arial, sans-serif; font-size: medium;\"><span style=\"color: #eeeeee;\"><em>\u201cToday,\u00a0the fate of the world depends, first, on statesmen, and second, on interpreters\u201d<\/em><\/span><br \/>\n<span style=\"color: #bbbbbb;\"><span style=\"color: #eeeeee;\"> <strong>Trygve Lie<\/strong> <\/span>(1896-1968), First UN Secretary-General<\/span><\/p>\n<div class=\"fusion-clearfix\"><\/div><\/div><\/div><div class=\"fusion-clearfix\"><\/div><\/div><\/div><div class=\"fusion-fullwidth fullwidth-box fusion-fullwidth-2  fusion-parallax-none nonhundred-percent-fullwidth\" style=\"border-color:#eae9e9;border-bottom-width: 0px;border-top-width: 0px;border-bottom-style: solid;border-top-style: solid;padding-bottom:30px;padding-top:40px;padding-left:0px;padding-right:0px;background-color:#ffffff;\"><style type=\"text\/css\" scoped=\"scoped\">.fusion-fullwidth-2 {\n                            padding-left: 0px !important;\n                            padding-right: 0px !important;\n                        }<\/style><div class=\"fusion-row\"><div class=\"fusion-two-fifth fusion-layout-column fusion-spacing-yes\" style=\"margin-top:0px;margin-bottom:0px;\"><div class=\"fusion-column-wrapper\"><h1 id=\"uber-mich\">Daniela Reinisch<\/h1>\n<div class=\"fusion-sep-clear\"><\/div><div class=\"fusion-separator sep-single\" style=\"border-color:#e0dede;border-top-width:3px;margin-top:;margin-bottom:35px;width:100%;max-width:170px;\"><\/div><div class=\"imageframe-align-center\"><span class=\"fusion-imageframe imageframe-none imageframe-1 hover-type-none fusion-animated\" data-animationType=\"zoomInDown\" data-animationDuration=\"0.1\" data-animationOffset=\"100%\"> <img decoding=\"async\" src=\"https:\/\/procro.at\/wp-content\/uploads\/2015\/02\/daniela-reinisch-2.jpg\" alt=\"\" class=\"img-responsive\"\/><\/span><\/div><div class=\"fusion-clearfix\"><\/div><\/div><\/div><div class=\"fusion-three-fifth fusion-layout-column fusion-column-last fusion-spacing-yes\" style=\"margin-top:0px;margin-bottom:20px;\"><div class=\"fusion-column-wrapper\" style=\"padding:120px 0 0 0;\"><h3 style=\"text-align: left;\">About me<\/h3>\n<p style=\"text-align: left;\" align=\"JUSTIFY\">My name is Daniela Reinisch and I have lived for over 12 years in Austria. I am a freelance translator and interpreter for the languages Bosnian, Croatian, Serbian (short B\/C\/S) Slovenian and German. I am a native Croatian and I graduated in Transcultural Communication for the languages B\/C\/S, Slovenian and German at the Karl-Franzens University in Graz in 2012 with the Bachelor of Arts degree.<\/p>\n<div class=\"fusion-clearfix\"><\/div><\/div><\/div><div class=\"fusion-clearfix\"><\/div><\/div><\/div><div class=\"fusion-fullwidth fullwidth-box fusion-fullwidth-3  fusion-parallax-none nonhundred-percent-fullwidth\" style=\"border-color:#eae9e9;border-bottom-width: 0px;border-top-width: 0px;border-bottom-style: solid;border-top-style: solid;padding-bottom:20px;padding-top:20px;padding-left:;padding-right:;background-color:#ffffff;\"><style type=\"text\/css\" scoped=\"scoped\">.fusion-fullwidth-3 {\n                            padding-left: px !important;\n                            padding-right: px !important;\n                        }<\/style><div class=\"fusion-row\"><p style=\"text-align: left;\" align=\"JUSTIFY\">In the past years, I have worked in the following fields:<\/p>\n<ul>\n<li style=\"text-align: left;\"><strong>Technology<\/strong> (manuals, technical documentation)<\/li>\n<li style=\"text-align: left;\"><strong>Business and finance<\/strong> (business records, annual reports, excerpts from the commercial register, articles of association)<\/li>\n<li style=\"text-align: left;\"><strong>Law<\/strong> (contracts, legal correspondence, acts, certified translations)<\/li>\n<li style=\"text-align: left;\"><strong>Medicine<\/strong> (medical records, medicine descriptions, instructions)<\/li>\n<li style=\"text-align: left;\"><strong>Media<\/strong> (subtitling, specialized and non-fiction books, websites)<\/li>\n<li style=\"text-align: left;\"><strong>Construction<\/strong> (Contract documents, construction documents, interpreting at meetings, conference calls and correspondence)<\/li>\n<\/ul>\n<p align=\"JUSTIFY\"><em>All translations can if required be certified by a certified court interpreter.<\/em><\/p>\n<\/div><\/div><div class=\"fusion-fullwidth fullwidth-box fusion-fullwidth-4  fusion-parallax-fixed nonhundred-percent-fullwidth potamni\" style=\"border-color:#eae9e9;border-bottom-width: 0px;border-top-width: 0px;border-bottom-style: solid;border-top-style: solid;padding-bottom:40px;padding-top:40px;padding-left:0px;padding-right:0px;background-attachment:fixed;background-color:#ac1e24;background-position:center center;background-repeat:no-repeat;-webkit-background-size:cover;-moz-background-size:cover;-o-background-size:cover;background-size:cover;-ms-filter: &quot;progid:DXImageTransform.Microsoft.AlphaImageLoader(src=&#039;https:\/\/procro.at\/wp-content\/uploads\/2015\/02\/315.jpg&#039;, sizingMethod=&#039;scale&#039;)&quot;;background-image: url(https:\/\/procro.at\/wp-content\/uploads\/2015\/02\/315.jpg);\"><style type=\"text\/css\" scoped=\"scoped\">.fusion-fullwidth-4 {\n                            padding-left: 0px !important;\n                            padding-right: 0px !important;\n                        }<\/style><div class=\"fusion-row\"><h4 id=\"referenzen\"><span class=\"potamni2\" style=\"font-size: 30px; letter-spacing: 2px; color: #ffffff;\">References<\/span><\/h4>\n<\/div><\/div><div class=\"fusion-fullwidth fullwidth-box fusion-fullwidth-5  fusion-parallax-none nonhundred-percent-fullwidth\" style=\"border-color:#eae9e9;border-bottom-width: 0px;border-top-width: 0px;border-bottom-style: solid;border-top-style: solid;padding-bottom:70px;padding-top:70px;padding-left:;padding-right:;background-color:#ffffff;\"><style type=\"text\/css\" scoped=\"scoped\">.fusion-fullwidth-5 {\n                            padding-left: px !important;\n                            padding-right: px !important;\n                        }<\/style><div class=\"fusion-row\"><p align=\"JUSTIFY\"><em>In Austria<\/em>: Translation and Interpreting Office DDDR Micolini, Robomow, The State Hospital (LKH) Graz, The State Court of Criminal Justice Graz, Federal Ministry of Finance, State Police Directorate Styria, Law firm specialized in Inheritance Law and Succession Dr. Alexander Hofmann in Vienna Language school Berlitz Graz, Active Learning Educational Institute in Vienna, lawyer Dr. Friedrich Gatscha in Vienna<\/p>\n<p align=\"JUSTIFY\"><em>In Slovenia<\/em>: Eurolingua Translations Maribor, Innovatina Tina Dolinar s.p.,\u00a0Diktum prevajalski studio, Linguana prevajanje<\/p>\n<p align=\"JUSTIFY\"><em>In Croatia<\/em>: Marlex,\u00a0URIHO, ARC d.o.o., Vnuk d.o.o., TLK GRUPA<\/p>\n<p align=\"JUSTIFY\">In Germany: Landesarbeitsgemeinschaft der Werkst\u00e4tten f\u00fcr behinderte Menschen im Saarland e. V. Heitkamp Unternehmensgruppe, About You, Takko, SPACCER H\u00f6herlegung, Calvatis GmbH<\/p>\n<p align=\"JUSTIFY\">In China: Huawei<\/p>\n<\/div><\/div>\n","protected":false},"excerpt":{"rendered":"","protected":false},"author":3,"featured_media":0,"parent":0,"menu_order":0,"comment_status":"closed","ping_status":"open","template":"100-width.php","meta":{"footnotes":""},"class_list":["post-928","page","type-page","status-publish","hentry"],"yoast_head":"<!-- This site is optimized with the Yoast SEO plugin v26.4 - https:\/\/yoast.com\/wordpress\/plugins\/seo\/ -->\n<title>Home - Procro<\/title>\n<meta name=\"robots\" content=\"index, follow, max-snippet:-1, max-image-preview:large, max-video-preview:-1\" \/>\n<link rel=\"canonical\" href=\"https:\/\/procro.at\/en\/startseite\/\" \/>\n<meta property=\"og:locale\" content=\"en_US\" \/>\n<meta property=\"og:type\" content=\"article\" \/>\n<meta property=\"og:title\" content=\"Home - Procro\" \/>\n<meta property=\"og:url\" content=\"https:\/\/procro.at\/en\/startseite\/\" \/>\n<meta property=\"og:site_name\" content=\"Procro\" \/>\n<meta property=\"article:modified_time\" content=\"2021-01-13T09:13:24+00:00\" \/>\n<meta property=\"og:image\" content=\"https:\/\/procro.at\/wp-content\/uploads\/2015\/02\/daniela-reinisch-2.jpg\" \/>\n<meta name=\"twitter:card\" content=\"summary_large_image\" \/>\n<meta name=\"twitter:label1\" content=\"Est. reading time\" \/>\n\t<meta name=\"twitter:data1\" content=\"5 minutes\" \/>\n<script type=\"application\/ld+json\" class=\"yoast-schema-graph\">{\"@context\":\"https:\/\/schema.org\",\"@graph\":[{\"@type\":\"WebPage\",\"@id\":\"https:\/\/procro.at\/en\/startseite\/\",\"url\":\"https:\/\/procro.at\/en\/startseite\/\",\"name\":\"Home - Procro\",\"isPartOf\":{\"@id\":\"https:\/\/procro.at\/#website\"},\"primaryImageOfPage\":{\"@id\":\"https:\/\/procro.at\/en\/startseite\/#primaryimage\"},\"image\":{\"@id\":\"https:\/\/procro.at\/en\/startseite\/#primaryimage\"},\"thumbnailUrl\":\"https:\/\/procro.at\/wp-content\/uploads\/2015\/02\/daniela-reinisch-2.jpg\",\"datePublished\":\"2017-05-25T12:27:24+00:00\",\"dateModified\":\"2021-01-13T09:13:24+00:00\",\"breadcrumb\":{\"@id\":\"https:\/\/procro.at\/en\/startseite\/#breadcrumb\"},\"inLanguage\":\"en-US\",\"potentialAction\":[{\"@type\":\"ReadAction\",\"target\":[\"https:\/\/procro.at\/en\/startseite\/\"]}]},{\"@type\":\"ImageObject\",\"inLanguage\":\"en-US\",\"@id\":\"https:\/\/procro.at\/en\/startseite\/#primaryimage\",\"url\":\"https:\/\/procro.at\/wp-content\/uploads\/2015\/02\/daniela-reinisch-2.jpg\",\"contentUrl\":\"https:\/\/procro.at\/wp-content\/uploads\/2015\/02\/daniela-reinisch-2.jpg\"},{\"@type\":\"BreadcrumbList\",\"@id\":\"https:\/\/procro.at\/en\/startseite\/#breadcrumb\",\"itemListElement\":[{\"@type\":\"ListItem\",\"position\":1,\"name\":\"Home\",\"item\":\"https:\/\/procro.at\/en\/startseite\/\"},{\"@type\":\"ListItem\",\"position\":2,\"name\":\"Home\"}]},{\"@type\":\"WebSite\",\"@id\":\"https:\/\/procro.at\/#website\",\"url\":\"https:\/\/procro.at\/\",\"name\":\"Procro\",\"description\":\"\",\"potentialAction\":[{\"@type\":\"SearchAction\",\"target\":{\"@type\":\"EntryPoint\",\"urlTemplate\":\"https:\/\/procro.at\/?s={search_term_string}\"},\"query-input\":{\"@type\":\"PropertyValueSpecification\",\"valueRequired\":true,\"valueName\":\"search_term_string\"}}],\"inLanguage\":\"en-US\"}]}<\/script>\n<!-- \/ Yoast SEO plugin. -->","yoast_head_json":{"title":"Home - Procro","robots":{"index":"index","follow":"follow","max-snippet":"max-snippet:-1","max-image-preview":"max-image-preview:large","max-video-preview":"max-video-preview:-1"},"canonical":"https:\/\/procro.at\/en\/startseite\/","og_locale":"en_US","og_type":"article","og_title":"Home - Procro","og_url":"https:\/\/procro.at\/en\/startseite\/","og_site_name":"Procro","article_modified_time":"2021-01-13T09:13:24+00:00","og_image":[{"url":"https:\/\/procro.at\/wp-content\/uploads\/2015\/02\/daniela-reinisch-2.jpg","type":"","width":"","height":""}],"twitter_card":"summary_large_image","twitter_misc":{"Est. reading time":"5 minutes"},"schema":{"@context":"https:\/\/schema.org","@graph":[{"@type":"WebPage","@id":"https:\/\/procro.at\/en\/startseite\/","url":"https:\/\/procro.at\/en\/startseite\/","name":"Home - Procro","isPartOf":{"@id":"https:\/\/procro.at\/#website"},"primaryImageOfPage":{"@id":"https:\/\/procro.at\/en\/startseite\/#primaryimage"},"image":{"@id":"https:\/\/procro.at\/en\/startseite\/#primaryimage"},"thumbnailUrl":"https:\/\/procro.at\/wp-content\/uploads\/2015\/02\/daniela-reinisch-2.jpg","datePublished":"2017-05-25T12:27:24+00:00","dateModified":"2021-01-13T09:13:24+00:00","breadcrumb":{"@id":"https:\/\/procro.at\/en\/startseite\/#breadcrumb"},"inLanguage":"en-US","potentialAction":[{"@type":"ReadAction","target":["https:\/\/procro.at\/en\/startseite\/"]}]},{"@type":"ImageObject","inLanguage":"en-US","@id":"https:\/\/procro.at\/en\/startseite\/#primaryimage","url":"https:\/\/procro.at\/wp-content\/uploads\/2015\/02\/daniela-reinisch-2.jpg","contentUrl":"https:\/\/procro.at\/wp-content\/uploads\/2015\/02\/daniela-reinisch-2.jpg"},{"@type":"BreadcrumbList","@id":"https:\/\/procro.at\/en\/startseite\/#breadcrumb","itemListElement":[{"@type":"ListItem","position":1,"name":"Home","item":"https:\/\/procro.at\/en\/startseite\/"},{"@type":"ListItem","position":2,"name":"Home"}]},{"@type":"WebSite","@id":"https:\/\/procro.at\/#website","url":"https:\/\/procro.at\/","name":"Procro","description":"","potentialAction":[{"@type":"SearchAction","target":{"@type":"EntryPoint","urlTemplate":"https:\/\/procro.at\/?s={search_term_string}"},"query-input":{"@type":"PropertyValueSpecification","valueRequired":true,"valueName":"search_term_string"}}],"inLanguage":"en-US"}]}},"_links":{"self":[{"href":"https:\/\/procro.at\/en\/wp-json\/wp\/v2\/pages\/928","targetHints":{"allow":["GET"]}}],"collection":[{"href":"https:\/\/procro.at\/en\/wp-json\/wp\/v2\/pages"}],"about":[{"href":"https:\/\/procro.at\/en\/wp-json\/wp\/v2\/types\/page"}],"author":[{"embeddable":true,"href":"https:\/\/procro.at\/en\/wp-json\/wp\/v2\/users\/3"}],"replies":[{"embeddable":true,"href":"https:\/\/procro.at\/en\/wp-json\/wp\/v2\/comments?post=928"}],"version-history":[{"count":3,"href":"https:\/\/procro.at\/en\/wp-json\/wp\/v2\/pages\/928\/revisions"}],"predecessor-version":[{"id":988,"href":"https:\/\/procro.at\/en\/wp-json\/wp\/v2\/pages\/928\/revisions\/988"}],"wp:attachment":[{"href":"https:\/\/procro.at\/en\/wp-json\/wp\/v2\/media?parent=928"}],"curies":[{"name":"wp","href":"https:\/\/api.w.org\/{rel}","templated":true}]}}